{"id":1576,"date":"2022-03-10T17:14:51","date_gmt":"2022-03-10T17:14:51","guid":{"rendered":"https:\/\/mollefumagalli.it\/?page_id=3"},"modified":"2022-09-21T16:56:00","modified_gmt":"2022-09-21T14:56:00","slug":"privacy-policy","status":"publish","type":"page","link":"https:\/\/mollefumagalli.it\/de\/privacy-policy\/","title":{"rendered":"Privacy Policy"},"content":{"rendered":"\t\t<div data-elementor-type=\"wp-page\" data-elementor-id=\"1576\" class=\"elementor elementor-1576\">\n\t\t\t\t\t\t<section class=\"elementor-section elementor-top-section elementor-element elementor-element-55142e7e elementor-section-boxed elementor-section-height-default elementor-section-height-default\" data-id=\"55142e7e\" data-element_type=\"section\" data-e-type=\"section\">\n\t\t\t\t\t\t<div class=\"elementor-container elementor-column-gap-default\">\n\t\t\t\t\t<div class=\"elementor-column elementor-col-100 elementor-top-column elementor-element elementor-element-5123755a\" data-id=\"5123755a\" data-element_type=\"column\" data-e-type=\"column\">\n\t\t\t<div class=\"elementor-widget-wrap elementor-element-populated\">\n\t\t\t\t\t\t<div class=\"elementor-element elementor-element-140c8bbe elementor-widget elementor-widget-text-editor\" data-id=\"140c8bbe\" data-element_type=\"widget\" data-e-type=\"widget\" data-widget_type=\"text-editor.default\">\n\t\t\t\t<div class=\"elementor-widget-container\">\n\t\t\t\t\t\t\t\t\t<p><\/p>\n<h2 class=\"wp-block-heading\">Informationen \u00fcber die Verarbeitung von personenbezogenen Daten<\/h2>\n<h3><em>(ex Art. 13 EU-Verordnung 679\/2016)<\/em><\/h3>\n<p>Die Rechtsgrundlage der Verarbeitung ist nach Art. 6 DSGVO in der Notwendigkeit der Verwendung der Daten zur Erf\u00fcllung des Vertrags, an dem der Betroffene beteiligt ist, oder zur Durchf\u00fchrung vorvertraglicher Ma\u00dfnahmen, die auf Antrag des Betroffenen erfolgen.<\/p>\n<p>Ihre personenbezogenen Daten werden von F. FUMAGALLI SRL erfasst und mit Hilfe von EDV-Systemen und der Anwendung geeigneter organisatorischer und technischer Verfahren zum Schutz der Daten vor Verlust, Diebstahl sowie unbefugter Nutzung, Offenlegung oder \u00c4nderung (unter Beachtung der Anforderungen des fr\u00fcheren Artikels 32 der Verordnung (EU) 2016\/679) verarbeitet und gespeichert.<\/p>\n<p>Sie werden au\u00dferdem so lange aufbewahrt, bis die angeforderte Dienstleistung erbracht wurde, und k\u00f6nnen an die zust\u00e4ndigen Stellen weitergegeben werden, wenn dies gesetzlich vorgeschrieben ist.<\/p>\n<p>Personenbezogene Daten sind nicht Gegenstand automatisierter Prozesse, wie z. B. Profiling.<\/p>\n<p>Personenbezogene Daten werden nicht f\u00fcr andere Zwecke als die, f\u00fcr die sie erhoben wurden, verarbeitet.<\/p>\n<p>Sie haben jederzeit die M\u00f6glichkeit, die Richtigkeit der in Ihrem Namen gemachten Angaben zu \u00fcberpr\u00fcfen, etwaige Ungenauigkeiten zu berichtigen oder deren L\u00f6schung zu verlangen. Wenn Sie das Gef\u00fchl haben, dass Ihre Person durch die Verarbeitung Ihrer Daten gesch\u00e4digt wurde, haben Sie das Recht, sich an die Datenschutzbeh\u00f6rde zu wenden.<\/p>\n<p>Diese Website sieht das Vorhandensein von Cookies(*) vor, die f\u00fcr ein besseres Funktionieren und zur Erreichung der von uns gesetzten Ziele notwendig sind.<\/p>\n<p>Der Inhaber der Datenverarbeitung ist F. FUMAGALLI SRL mit Sitz in Via dei Crederi 230 &#8211; 24045 FARA GERA D&#8217;ADDA (BG) &#8211; P.I. 01966220160<\/p>\n<p>Um ihre Rechte auszu\u00fcben, k\u00f6nnen die Betroffenen eine E-Mail an info@mollefumagalli.it senden.<\/p>\n<p>Der Datenschutzbeauftragte ist F. FUMAGALLI SRL.<\/p>\n<p><strong>* Cookies<\/strong><\/p>\n<p>Cookies sind kleine Textdateien, die von den besuchten Websites an die Endger\u00e4te der Nutzer gesendet werden, wo sie gespeichert und bei einem erneuten Besuch an dieselben Websites weitergegeben werden. Sogenannte &#8222;Drittanbieter-Cookies&#8220; hingegen werden von einer anderen Website als derjenigen, die der Nutzer besucht, gesetzt. Dies liegt daran, dass auf jeder Website Elemente (Bilder, Karten, T\u00f6ne, spezifische Links zu Webseiten anderer Dom\u00e4nen usw.) vorhanden sein k\u00f6nnen, die sich auf anderen Servern als dem der besuchten Website befinden.<\/p>\n<p>Cookies werden zu verschiedenen Zwecken verwendet: zur Computerauthentifizierung, zur Sitzungs\u00fcberwachung, zur Speicherung von Informationen \u00fcber bestimmte Konfigurationen von Benutzern, die auf den Server zugreifen, zur Speicherung von Pr\u00e4ferenzen usw.<\/p>\n<p>Technische Cookies. Es handelt sich um Cookies, die dazu dienen, die Navigation durchzuf\u00fchren oder einen vom Benutzer angeforderten Dienst bereitzustellen. Sie werden nicht f\u00fcr andere Zwecke verwendet und werden normalerweise direkt vom Eigent\u00fcmer der Website installiert.<\/p>\n<p>Profilierungs-Cookies. Dies sind Cookies, die dazu dienen, das Web-Browsing der Nutzer zu verfolgen und Profile \u00fcber ihren Geschmack, ihre Gewohnheiten, ihre Entscheidungen usw. zu erstellen. Mit Hilfe dieser Cookies k\u00f6nnen Werbebotschaften an das Endger\u00e4t des Nutzers gesendet werden, die auf die Pr\u00e4ferenzen abgestimmt sind, die derselbe Nutzer bereits beim Surfen im Internet ge\u00e4u\u00dfert hat.<\/p>\n<ul>\n<li>Diese Website verwendet Sitzungs-, technische und Profilierungs-Cookies.<\/li>\n<li>Die Verwendung von Sitzungscookies (d.h. tempor\u00e4ren Cookies, die bei Beendigung der Browsersitzung gel\u00f6scht werden) dient ausschlie\u00dflich dazu, die Nutzung der Website zu optimieren und somit eine optimale Navigation auf der Website zu gew\u00e4hrleisten.<\/li>\n<li>Zu den technischen Cookies geh\u00f6ren analytische Cookies mit Anonymisierung der IP-Adresse, bei denen sich der Dritte verpflichtet, die in den Cookies enthaltenen Informationen nicht mit anderen, ihm bereits vorliegenden Informationen abzugleichen (diese Cookies werden durch die Klarstellung des Garantiegebers <a href=\"http:\/\/www.garanteprivacy.it\/web\/guest\/home\/docweb\/-\/docweb-display\/docweb\/4006878\">http:\/\/www.garanteprivacy.it\/web\/guest\/home\/docweb\/-\/docweb-display\/docweb\/4006878<\/a> den technischen Cookies gleichgestellt). F\u00fcr Cookies von Dritten: <a href=\"https:\/\/policies.google.com\/privacy?hl=it\">Google Analytics<\/a><\/li>\n<li>Technische Cookies bed\u00fcrfen keiner Zustimmung und werden automatisch nach dem Zugriff auf die Website installiert.<\/li>\n<li>Profilierungs-Cookies von Dritten.<\/li>\n<li>Der Zweck dieser Cookies besteht darin, die Handlungen des Nutzers und die besuchten Seiten zu analysieren und \u00fcber Drittpartner kommerzielle Inhalte und Werbung anzubieten, die den Interessen des Nutzers entsprechen. Es kann auch Cookies f\u00fcr die Verkn\u00fcpfung mit sozialen Netzwerken geben. Zu den gleichen Zwecken k\u00f6nnen auch andere Technologien als Cookies verwendet werden, die diesen jedoch \u00e4hnlich sind.<\/li>\n<li>Die Verwendung dieser Technologien wird durch die Datenschutzrichtlinien der jeweiligen Unternehmen und nicht durch diese Datenschutzrichtlinie geregelt.<\/li>\n<li>Profiling-Cookies werden nur installiert, wenn der Nutzer ausdr\u00fccklich seine Zustimmung erteilt.<\/li>\n<li>Die Zustimmung kann jederzeit widerrufen werden, indem die auf der Website installierten Cookies entfernt werden: <a href=\"https:\/\/support.google.com\/chrome\/answer\/95647?hl=it&amp;topic=14666&amp;ctx=topic\">Chrome<\/a> &#8211; <a href=\"https:\/\/support.mozilla.org\/it\/kb\/Attivare%20e%20disattivare%20i%20cookie\">Firefox<\/a> &#8211; <a href=\"https:\/\/support.microsoft.com\/it-it\/help\/17442\/windows-internet-explorer-delete-manage-cookies\">Internet Explorer<\/a> &#8211; <a href=\"https:\/\/www.opera.com\/help\/tutorials\/security\/privacy\/\">Opera<\/a> &#8211; <a href=\"https:\/\/support.apple.com\/kb\/ph21411?locale=it_IT\">Safari<\/a><\/li>\n<li>Sie k\u00f6nnen die Speicherung von Cookies deaktivieren, indem Sie Ihre Browsereinstellungen \u00e4ndern. Dies kann jedoch zu einer St\u00f6rung der Navigation auf der Website f\u00fchren. Nachstehend finden Sie Links zu den Einstellungen der wichtigsten Browser: <a href=\"https:\/\/support.google.com\/chrome\/answer\/95647?hl=it&amp;topic=14666&amp;ctx=topic\">Chrome<\/a> &#8211; <a href=\"https:\/\/support.mozilla.org\/it\/kb\/Attivare%20e%20disattivare%20i%20cookie\">Firefox<\/a>&#8211; <a href=\"https:\/\/support.microsoft.com\/it-it\/help\/17442\/windows-internet-explorer-delete-manage-cookies\">Internet Explorer<\/a> &#8211; <a href=\"https:\/\/www.opera.com\/help\/tutorials\/security\/privacy\/\">Opera<\/a> &#8211; <a href=\"https:\/\/support.apple.com\/kb\/ph21411?locale=it_IT\">Safari<\/a>.<\/li>\n<li>Verwaltung von Cookies. Unter dieser Adresse k\u00f6nnen Sie die vorhandenen Cookies \u00fcberpr\u00fcfen und den Empfang von Cookies einzelner Betreiber selektiv blockieren: <a href=\"http:\/\/www.youronlinechoices.com\/it\/le-tue-scelte\">http:\/\/www.youronlinechoices.com\/it\/le-tue-scelte<\/a><\/li>\n<\/ul>\t\t\t\t\t\t\t\t<\/div>\n\t\t\t\t<\/div>\n\t\t\t\t\t<\/div>\n\t\t<\/div>\n\t\t\t\t\t<\/div>\n\t\t<\/section>\n\t\t\t\t<section class=\"elementor-section elementor-top-section elementor-element elementor-element-7f0002f elementor-section-boxed elementor-section-height-default elementor-section-height-default\" data-id=\"7f0002f\" data-element_type=\"section\" data-e-type=\"section\">\n\t\t\t\t\t\t<div class=\"elementor-container elementor-column-gap-default\">\n\t\t\t\t\t<div class=\"elementor-column elementor-col-100 elementor-top-column elementor-element elementor-element-ab4071c\" data-id=\"ab4071c\" data-element_type=\"column\" data-e-type=\"column\">\n\t\t\t<div class=\"elementor-widget-wrap elementor-element-populated\">\n\t\t\t\t\t\t<div class=\"elementor-element elementor-element-5ee0731 elementor-widget-divider--view-line_text elementor-widget-divider--element-align-center elementor-widget elementor-widget-divider\" data-id=\"5ee0731\" data-element_type=\"widget\" data-e-type=\"widget\" data-widget_type=\"divider.default\">\n\t\t\t\t<div class=\"elementor-widget-container\">\n\t\t\t\t\t\t\t<div class=\"elementor-divider\">\n\t\t\t<span class=\"elementor-divider-separator\">\n\t\t\t\t\t\t<\/span>\n\t\t<\/div>\n\t\t\t\t\t\t<\/div>\n\t\t\t\t<\/div>\n\t\t\t\t\t<\/div>\n\t\t<\/div>\n\t\t\t\t\t<\/div>\n\t\t<\/section>\n\t\t\t\t<\/div>\n\t\t","protected":false},"excerpt":{"rendered":"<p>Informationen \u00fcber die Verarbeitung von personenbezogenen Daten (ex Art. 13 EU-Verordnung 679\/2016) Die Rechtsgrundlage der Verarbeitung ist nach Art. 6 DSGVO in der Notwendigkeit der Verwendung der Daten zur Erf\u00fcllung des Vertrags, an dem der Betroffene beteiligt ist, oder zur Durchf\u00fchrung vorvertraglicher Ma\u00dfnahmen, die auf Antrag des Betroffenen erfolgen. Ihre personenbezogenen Daten werden von F. [&hellip;]<\/p>\n","protected":false},"author":1,"featured_media":0,"parent":0,"menu_order":0,"comment_status":"closed","ping_status":"open","template":"","meta":{"footnotes":""},"class_list":["post-1576","page","type-page","status-publish","hentry"],"_links":{"self":[{"href":"https:\/\/mollefumagalli.it\/de\/wp-json\/wp\/v2\/pages\/1576","targetHints":{"allow":["GET"]}}],"collection":[{"href":"https:\/\/mollefumagalli.it\/de\/wp-json\/wp\/v2\/pages"}],"about":[{"href":"https:\/\/mollefumagalli.it\/de\/wp-json\/wp\/v2\/types\/page"}],"author":[{"embeddable":true,"href":"https:\/\/mollefumagalli.it\/de\/wp-json\/wp\/v2\/users\/1"}],"replies":[{"embeddable":true,"href":"https:\/\/mollefumagalli.it\/de\/wp-json\/wp\/v2\/comments?post=1576"}],"version-history":[{"count":7,"href":"https:\/\/mollefumagalli.it\/de\/wp-json\/wp\/v2\/pages\/1576\/revisions"}],"predecessor-version":[{"id":1786,"href":"https:\/\/mollefumagalli.it\/de\/wp-json\/wp\/v2\/pages\/1576\/revisions\/1786"}],"wp:attachment":[{"href":"https:\/\/mollefumagalli.it\/de\/wp-json\/wp\/v2\/media?parent=1576"}],"curies":[{"name":"wp","href":"https:\/\/api.w.org\/{rel}","templated":true}]}}