{"id":1002,"date":"2022-03-29T12:30:19","date_gmt":"2022-03-29T12:30:19","guid":{"rendered":"https:\/\/mollefumagalli.it\/?page_id=1002"},"modified":"2022-07-18T15:14:28","modified_gmt":"2022-07-18T13:14:28","slug":"werkstoffe-und-lager","status":"publish","type":"page","link":"https:\/\/mollefumagalli.it\/de\/werkstoffe-und-lager\/","title":{"rendered":"Werkstoffe und Lager"},"content":{"rendered":"\t\t<div data-elementor-type=\"wp-page\" data-elementor-id=\"1002\" class=\"elementor elementor-1002\">\n\t\t\t\t\t\t<section class=\"elementor-section elementor-top-section elementor-element elementor-element-3fc85a63 elementor-section-height-min-height elementor-section-boxed elementor-section-height-default elementor-section-items-middle\" data-id=\"3fc85a63\" data-element_type=\"section\" data-e-type=\"section\" data-settings=\"{&quot;background_background&quot;:&quot;slideshow&quot;,&quot;background_slideshow_gallery&quot;:[{&quot;id&quot;:10,&quot;url&quot;:&quot;https:\\\/\\\/mollefumagalli.it\\\/en\\\/wp-content\\\/uploads\\\/sites\\\/2\\\/2022\\\/03\\\/Slide-home-2.jpg&quot;}],&quot;background_slideshow_loop&quot;:&quot;yes&quot;,&quot;background_slideshow_slide_duration&quot;:5000,&quot;background_slideshow_slide_transition&quot;:&quot;fade&quot;,&quot;background_slideshow_transition_duration&quot;:500}\">\n\t\t\t\t\t\t\t<div class=\"elementor-background-overlay\"><\/div>\n\t\t\t\t\t\t\t<div class=\"elementor-container elementor-column-gap-default\">\n\t\t\t\t\t<div class=\"elementor-column elementor-col-100 elementor-top-column elementor-element elementor-element-5c8c2980\" data-id=\"5c8c2980\" data-element_type=\"column\" data-e-type=\"column\">\n\t\t\t<div class=\"elementor-widget-wrap elementor-element-populated\">\n\t\t\t\t\t\t<div class=\"elementor-element elementor-element-7d23ca19 elementor-widget elementor-widget-heading\" data-id=\"7d23ca19\" data-element_type=\"widget\" data-e-type=\"widget\" data-widget_type=\"heading.default\">\n\t\t\t\t<div class=\"elementor-widget-container\">\n\t\t\t\t\t<h1 class=\"elementor-heading-title elementor-size-default\">Werkstoffe und Lager<\/h1>\t\t\t\t<\/div>\n\t\t\t\t<\/div>\n\t\t\t\t\t<\/div>\n\t\t<\/div>\n\t\t\t\t\t<\/div>\n\t\t<\/section>\n\t\t\t\t<section class=\"elementor-section elementor-top-section elementor-element elementor-element-4aa30647 elementor-section-boxed elementor-section-height-default elementor-section-height-default\" data-id=\"4aa30647\" data-element_type=\"section\" data-e-type=\"section\">\n\t\t\t\t\t\t<div class=\"elementor-container elementor-column-gap-default\">\n\t\t\t\t\t<div class=\"elementor-column elementor-col-100 elementor-top-column elementor-element elementor-element-36e7b124\" data-id=\"36e7b124\" data-element_type=\"column\" data-e-type=\"column\">\n\t\t\t<div class=\"elementor-widget-wrap elementor-element-populated\">\n\t\t\t\t\t\t<div class=\"elementor-element elementor-element-793af70d elementor-widget-divider--view-line_text elementor-widget-divider--element-align-center elementor-widget elementor-widget-divider\" data-id=\"793af70d\" data-element_type=\"widget\" data-e-type=\"widget\" data-widget_type=\"divider.default\">\n\t\t\t\t<div class=\"elementor-widget-container\">\n\t\t\t\t\t\t\t<div class=\"elementor-divider\">\n\t\t\t<span class=\"elementor-divider-separator\">\n\t\t\t\t\t\t\t<div class=\"elementor-divider__text elementor-divider__element\">\n\t\t\t\tWerkstoffe und Lager\t\t\t\t<\/div>\n\t\t\t\t\t\t<\/span>\n\t\t<\/div>\n\t\t\t\t\t\t<\/div>\n\t\t\t\t<\/div>\n\t\t\t\t\t<\/div>\n\t\t<\/div>\n\t\t\t\t\t<\/div>\n\t\t<\/section>\n\t\t\t\t<section class=\"elementor-section elementor-top-section elementor-element elementor-element-7eddc8a1 elementor-section-boxed elementor-section-height-default elementor-section-height-default\" data-id=\"7eddc8a1\" data-element_type=\"section\" data-e-type=\"section\">\n\t\t\t\t\t\t<div class=\"elementor-container elementor-column-gap-default\">\n\t\t\t\t\t<div class=\"elementor-column elementor-col-50 elementor-top-column elementor-element elementor-element-7925bd88\" data-id=\"7925bd88\" data-element_type=\"column\" data-e-type=\"column\">\n\t\t\t<div class=\"elementor-widget-wrap elementor-element-populated\">\n\t\t\t\t\t\t<div class=\"elementor-element elementor-element-6b0cb494 elementor-widget elementor-widget-text-editor\" data-id=\"6b0cb494\" data-element_type=\"widget\" data-e-type=\"widget\" data-widget_type=\"text-editor.default\">\n\t\t\t\t<div class=\"elementor-widget-container\">\n\t\t\t\t\t\t\t\t\t<p>Der Stahl, aus dem unsere Federn hergestellt werden, ist ein dehnbares, flexibles und sehr widerstandsf\u00e4higes Material. Sowohl Federstahl als auch rostfreier Stahl werden f\u00fcr die Herstellung von Federn aller Arten und Gr\u00f6\u00dfen verwendet. Wir verarbeiten u.a. widerstandsf\u00e4hige Stahllegierungen, deren Besonderheit darin besteht, dass sie h\u00f6here Leistungen entwickeln: ihre Unverformbarkeit und Unver\u00e4nderlichkeit sind die Garantie zur einwandfreien Funktion der einzelnen Komponenten<\/p>\n<p>\nWir verarbeiten unter anderem folgende Werkstoffe:<\/p>\n<ul>\n<li><b>Federst\u00e4hle<\/b> nach UNI EN 10270-1 (SM, SH und DH) auch in vorverzinkter und verzinkter Ausf\u00fchrung sowie Bezinal;<\/li>\n<li><b>Rostfreie St\u00e4hle<\/b> nach UNI EN 10270-3 (1.4310, 1.4568 und 1.4401);<\/li>\n<li><b>\u00d6lvorgeh\u00e4rtete legierte St\u00e4hle<\/b> nach UNI EN 10270-2 (FD, TD und VD);<\/li>\n<li>Chrom-Silizium-legierte, <b>gegl\u00fchte St\u00e4hle<\/b> 52SiCrNi5 &#8211; 60SiCr8 &#8211; 50CrV4;<\/li>\n<li><b>Kupfer-, Messing- und Bronze-Legierungen.<\/b>\n<\/li>\n<\/ul>\n<p><\/p>\n<p>Das Unternehmen, das seit jeher f\u00fcr hohe Qualit\u00e4t und Kompetenz steht, beliefert zahlreiche italienische und europ\u00e4ische Industrieunternehmen.<\/p>\n<p>\nWir verf\u00fcgen auch \u00fcber ein sehr gro\u00dfes Rohmateriallager mit verschiedenen Drahtdurchmessern, um die Produktion und die Anforderungen unserer Kunden und Partner zu gew\u00e4hrleisten.<\/p>\t\t\t\t\t\t\t\t<\/div>\n\t\t\t\t<\/div>\n\t\t\t\t\t<\/div>\n\t\t<\/div>\n\t\t\t\t<div class=\"elementor-column elementor-col-50 elementor-top-column elementor-element elementor-element-206fba44\" data-id=\"206fba44\" data-element_type=\"column\" data-e-type=\"column\">\n\t\t\t<div class=\"elementor-widget-wrap elementor-element-populated\">\n\t\t\t\t\t\t<div class=\"elementor-element elementor-element-41617043 elementor-widget elementor-widget-image\" data-id=\"41617043\" data-element_type=\"widget\" data-e-type=\"widget\" data-widget_type=\"image.default\">\n\t\t\t\t<div class=\"elementor-widget-container\">\n\t\t\t\t\t\t\t\t\t\t\t\t\t\t\t<img fetchpriority=\"high\" decoding=\"async\" width=\"800\" height=\"506\" src=\"https:\/\/mollefumagalli.it\/de\/wp-content\/uploads\/sites\/4\/2022\/03\/magazzino.jpg\" class=\"attachment-large size-large wp-image-1008\" alt=\"\" srcset=\"https:\/\/mollefumagalli.it\/de\/wp-content\/uploads\/sites\/4\/2022\/03\/magazzino.jpg 973w, https:\/\/mollefumagalli.it\/de\/wp-content\/uploads\/sites\/4\/2022\/03\/magazzino-300x190.jpg 300w, https:\/\/mollefumagalli.it\/de\/wp-content\/uploads\/sites\/4\/2022\/03\/magazzino-768x485.jpg 768w\" sizes=\"(max-width: 800px) 100vw, 800px\" \/>\t\t\t\t\t\t\t\t\t\t\t\t\t\t\t<\/div>\n\t\t\t\t<\/div>\n\t\t\t\t\t<\/div>\n\t\t<\/div>\n\t\t\t\t\t<\/div>\n\t\t<\/section>\n\t\t\t\t<section class=\"elementor-section elementor-top-section elementor-element elementor-element-112e05d1 elementor-section-boxed elementor-section-height-default elementor-section-height-default\" data-id=\"112e05d1\" data-element_type=\"section\" data-e-type=\"section\">\n\t\t\t\t\t\t<div class=\"elementor-container elementor-column-gap-default\">\n\t\t\t\t\t<div class=\"elementor-column elementor-col-100 elementor-top-column elementor-element elementor-element-6ab82c98\" data-id=\"6ab82c98\" data-element_type=\"column\" data-e-type=\"column\">\n\t\t\t<div class=\"elementor-widget-wrap elementor-element-populated\">\n\t\t\t\t\t\t<div class=\"elementor-element elementor-element-5cfea264 elementor-widget elementor-widget-shortcode\" data-id=\"5cfea264\" data-element_type=\"widget\" data-e-type=\"widget\" data-widget_type=\"shortcode.default\">\n\t\t\t\t<div class=\"elementor-widget-container\">\n\t\t\t\t\t\t\t<div class=\"elementor-shortcode\">\t\t<div data-elementor-type=\"wp-post\" data-elementor-id=\"803\" class=\"elementor elementor-803\">\n\t\t\t\t\t\t<section class=\"elementor-section elementor-top-section elementor-element elementor-element-43df211a elementor-section-boxed elementor-section-height-default elementor-section-height-default\" data-id=\"43df211a\" data-element_type=\"section\" data-e-type=\"section\">\n\t\t\t\t\t\t<div class=\"elementor-container elementor-column-gap-default\">\n\t\t\t\t\t<div class=\"elementor-column elementor-col-100 elementor-top-column elementor-element elementor-element-41211084\" data-id=\"41211084\" data-element_type=\"column\" data-e-type=\"column\">\n\t\t\t<div class=\"elementor-widget-wrap elementor-element-populated\">\n\t\t\t\t\t\t<div class=\"elementor-element elementor-element-4b194b3 elementor-widget-divider--view-line_text elementor-widget-divider--element-align-center elementor-widget elementor-widget-divider\" data-id=\"4b194b3\" data-element_type=\"widget\" data-e-type=\"widget\" data-widget_type=\"divider.default\">\n\t\t\t\t<div class=\"elementor-widget-container\">\n\t\t\t\t\t\t\t<div class=\"elementor-divider\">\n\t\t\t<span class=\"elementor-divider-separator\">\n\t\t\t\t\t\t\t<h2 class=\"elementor-divider__text elementor-divider__element\">\n\t\t\t\tKontakt\t\t\t\t<\/h2>\n\t\t\t\t\t\t<\/span>\n\t\t<\/div>\n\t\t\t\t\t\t<\/div>\n\t\t\t\t<\/div>\n\t\t\t\t\t<\/div>\n\t\t<\/div>\n\t\t\t\t\t<\/div>\n\t\t<\/section>\n\t\t\t\t<section class=\"elementor-section elementor-top-section elementor-element elementor-element-2a44dce2 elementor-section-boxed elementor-section-height-default elementor-section-height-default\" data-id=\"2a44dce2\" data-element_type=\"section\" data-e-type=\"section\">\n\t\t\t\t\t\t<div class=\"elementor-container elementor-column-gap-default\">\n\t\t\t\t\t<div class=\"elementor-column elementor-col-50 elementor-top-column elementor-element elementor-element-59cdcf78\" data-id=\"59cdcf78\" data-element_type=\"column\" data-e-type=\"column\">\n\t\t\t<div class=\"elementor-widget-wrap elementor-element-populated\">\n\t\t\t\t\t\t<div class=\"elementor-element elementor-element-725b1611 elementor-widget elementor-widget-text-editor\" data-id=\"725b1611\" data-element_type=\"widget\" data-e-type=\"widget\" data-widget_type=\"text-editor.default\">\n\t\t\t\t<div class=\"elementor-widget-container\">\n\t\t\t\t\t\t\t\t\t<p><i class=\"fa fa-map-marker fa-fw tmpl-main-color\"><\/i><span class=\"li-txt\"> Via dei Crederi, 230<br \/>24045 FARA GERA D\u2019ADDA (BG)<\/span><br \/><i class=\"fa fa-envelope fa-fw tmpl-main-color\"><\/i><span class=\"li-txt\"> <a href=\"mailto:info@mollefumagalli.it\">info@mollefumagalli.it<\/a><\/span><br \/><i class=\"fa fa-phone fa-fw tmpl-main-color\"><\/i><span class=\"li-txt\"> <a href=\"tel:+39 0363 399184\">+39 0363 399184<\/a><\/span><br \/><i class=\"fa fa-fax fa-fw tmpl-main-color\"><\/i><span class=\"li-txt\"> +39 0363 398828<\/span><\/p>\t\t\t\t\t\t\t\t<\/div>\n\t\t\t\t<\/div>\n\t\t\t\t<div class=\"elementor-element elementor-element-6762cf72 elementor-widget elementor-widget-google_maps\" data-id=\"6762cf72\" data-element_type=\"widget\" data-e-type=\"widget\" data-widget_type=\"google_maps.default\">\n\t\t\t\t<div class=\"elementor-widget-container\">\n\t\t\t\t\t\t\t<div class=\"elementor-custom-embed\">\n\t\t\t<iframe loading=\"lazy\"\n\t\t\t\t\tsrc=\"https:\/\/maps.google.com\/maps?q=Via%20dei%20Crederi%2C%20230%2024045%20FARA%20GERA&#038;t=m&#038;z=12&#038;output=embed&#038;iwloc=near\"\n\t\t\t\t\ttitle=\"Via dei Crederi, 230 24045 FARA GERA\"\n\t\t\t\t\taria-label=\"Via dei Crederi, 230 24045 FARA GERA\"\n\t\t\t><\/iframe>\n\t\t<\/div>\n\t\t\t\t\t\t<\/div>\n\t\t\t\t<\/div>\n\t\t\t\t\t<\/div>\n\t\t<\/div>\n\t\t\t\t<div class=\"elementor-column elementor-col-50 elementor-top-column elementor-element elementor-element-241be115\" data-id=\"241be115\" data-element_type=\"column\" data-e-type=\"column\">\n\t\t\t<div class=\"elementor-widget-wrap elementor-element-populated\">\n\t\t\t\t\t\t<div class=\"elementor-element elementor-element-6c5e16a8 elementor-widget elementor-widget-wpforms\" data-id=\"6c5e16a8\" data-element_type=\"widget\" data-e-type=\"widget\" data-widget_type=\"wpforms.default\">\n\t\t\t\t<div class=\"elementor-widget-container\">\n\t\t\t\t\t<div class=\"wpforms-container wpforms-container-full\" id=\"wpforms-1620\"><form id=\"wpforms-form-1620\" class=\"wpforms-validate wpforms-form wpforms-ajax-form\" data-formid=\"1620\" method=\"post\" enctype=\"multipart\/form-data\" action=\"\/de\/wp-json\/wp\/v2\/pages\/1002\" data-token=\"8521518b8bf2fe07b46083c4bb99e82f\" data-token-time=\"1777646595\"><noscript class=\"wpforms-error-noscript\">Bitte aktiviere JavaScript in deinem Browser, um dieses Formular fertigzustellen.<\/noscript><div class=\"wpforms-field-container\"><div id=\"wpforms-1620-field_0-container\" class=\"wpforms-field wpforms-field-name\" data-field-id=\"0\"><label class=\"wpforms-field-label\">Name <span class=\"wpforms-required-label\">*<\/span><\/label><div class=\"wpforms-field-row wpforms-field-medium\"><div class=\"wpforms-field-row-block wpforms-first wpforms-one-half\"><input type=\"text\" id=\"wpforms-1620-field_0\" class=\"wpforms-field-name-first wpforms-field-required\" name=\"wpforms[fields][0][first]\" required><label for=\"wpforms-1620-field_0\" class=\"wpforms-field-sublabel after\">Vorname<\/label><\/div><div class=\"wpforms-field-row-block wpforms-one-half\"><input type=\"text\" id=\"wpforms-1620-field_0-last\" class=\"wpforms-field-name-last wpforms-field-required\" name=\"wpforms[fields][0][last]\" required><label for=\"wpforms-1620-field_0-last\" class=\"wpforms-field-sublabel after\">Nachname<\/label><\/div><\/div><\/div><div id=\"wpforms-1620-field_1-container\" class=\"wpforms-field wpforms-field-email\" data-field-id=\"1\"><label class=\"wpforms-field-label\" for=\"wpforms-1620-field_1\">Email <span class=\"wpforms-required-label\">*<\/span><\/label><input type=\"email\" id=\"wpforms-1620-field_1\" class=\"wpforms-field-medium wpforms-field-required\" name=\"wpforms[fields][1]\" spellcheck=\"false\" required><\/div><div id=\"wpforms-1620-field_2-container\" class=\"wpforms-field wpforms-field-textarea\" data-field-id=\"2\"><label class=\"wpforms-field-label\" for=\"wpforms-1620-field_2\">Comment or Message <span class=\"wpforms-required-label\">*<\/span><\/label><textarea id=\"wpforms-1620-field_2\" class=\"wpforms-field-medium wpforms-field-required\" name=\"wpforms[fields][2]\" required><\/textarea><\/div><div id=\"wpforms-1620-field_8-container\" class=\"wpforms-field wpforms-field-checkbox\" data-field-id=\"8\"><ul id=\"wpforms-1620-field_8\" class=\"wpforms-field-required\"><li class=\"choice-1 depth-1\"><input type=\"checkbox\" id=\"wpforms-1620-field_8_1\" name=\"wpforms[fields][8][]\" value=\"Ich erkl\u00e4re, dass ich den Hinweis gem\u00e4\u00df der Gesetzesverordnung 196\/2003 und der Verordnung (EU) 2016\/679 des Europ\u00e4ischen Parlaments und des Rates vom 27. April 2016 (GDPR) (*) gelesen habe - Hinweis lesen\" required ><label class=\"wpforms-field-label-inline\" for=\"wpforms-1620-field_8_1\">Ich erkl\u00e4re, dass ich den Hinweis gem\u00e4\u00df der Gesetzesverordnung 196\/2003 und der Verordnung (EU) 2016\/679 des Europ\u00e4ischen Parlaments und des Rates vom 27. April 2016 (GDPR) (*) gelesen habe - Hinweis lesen<\/label><\/li><\/ul><\/div><\/div><!-- .wpforms-field-container --><div class=\"wpforms-recaptcha-container wpforms-is-recaptcha wpforms-is-recaptcha-type-v3\" ><input type=\"hidden\" name=\"wpforms[recaptcha]\" value=\"\"><\/div><div class=\"wpforms-submit-container\" ><input type=\"hidden\" name=\"wpforms[id]\" value=\"1620\"><input type=\"hidden\" name=\"page_title\" value=\"\"><input type=\"hidden\" name=\"page_url\" value=\"https:\/\/mollefumagalli.it\/de\/wp-json\/wp\/v2\/pages\/1002\"><input type=\"hidden\" name=\"url_referer\" value=\"\"><button type=\"submit\" name=\"wpforms[submit]\" id=\"wpforms-submit-1620\" class=\"wpforms-submit\" data-alt-text=\"Sending...\" data-submit-text=\"senden\" aria-live=\"assertive\" value=\"wpforms-submit\">senden<\/button><img decoding=\"async\" src=\"https:\/\/mollefumagalli.it\/de\/wp-content\/plugins\/wpforms-lite\/assets\/images\/submit-spin.svg\" class=\"wpforms-submit-spinner\" style=\"display: none;\" width=\"26\" height=\"26\" alt=\"Wird geladen\"><\/div><\/form><\/div>  <!-- .wpforms-container -->\t\t\t\t<\/div>\n\t\t\t\t<\/div>\n\t\t\t\t\t<\/div>\n\t\t<\/div>\n\t\t\t\t\t<\/div>\n\t\t<\/section>\n\t\t\t\t<section class=\"elementor-section elementor-top-section elementor-element elementor-element-38b986d9 elementor-section-boxed elementor-section-height-default elementor-section-height-default\" data-id=\"38b986d9\" data-element_type=\"section\" data-e-type=\"section\">\n\t\t\t\t\t\t<div class=\"elementor-container elementor-column-gap-default\">\n\t\t\t\t\t<div class=\"elementor-column elementor-col-100 elementor-top-column elementor-element elementor-element-40e4f1a2\" data-id=\"40e4f1a2\" data-element_type=\"column\" data-e-type=\"column\">\n\t\t\t<div class=\"elementor-widget-wrap\">\n\t\t\t\t\t\t\t<\/div>\n\t\t<\/div>\n\t\t\t\t\t<\/div>\n\t\t<\/section>\n\t\t\t\t<section class=\"elementor-section elementor-top-section elementor-element elementor-element-1693ac09 elementor-section-boxed elementor-section-height-default elementor-section-height-default\" data-id=\"1693ac09\" data-element_type=\"section\" data-e-type=\"section\">\n\t\t\t\t\t\t<div class=\"elementor-container elementor-column-gap-default\">\n\t\t\t\t\t<div class=\"elementor-column elementor-col-100 elementor-top-column elementor-element elementor-element-6fc5ee07\" data-id=\"6fc5ee07\" data-element_type=\"column\" data-e-type=\"column\">\n\t\t\t<div class=\"elementor-widget-wrap elementor-element-populated\">\n\t\t\t\t\t\t<div class=\"elementor-element elementor-element-109078e4 elementor-widget-divider--view-line elementor-widget elementor-widget-divider\" data-id=\"109078e4\" data-element_type=\"widget\" data-e-type=\"widget\" data-widget_type=\"divider.default\">\n\t\t\t\t<div class=\"elementor-widget-container\">\n\t\t\t\t\t\t\t<div class=\"elementor-divider\">\n\t\t\t<span class=\"elementor-divider-separator\">\n\t\t\t\t\t\t<\/span>\n\t\t<\/div>\n\t\t\t\t\t\t<\/div>\n\t\t\t\t<\/div>\n\t\t\t\t\t<\/div>\n\t\t<\/div>\n\t\t\t\t\t<\/div>\n\t\t<\/section>\n\t\t\t\t<\/div>\n\t\t<\/div>\n\t\t\t\t\t\t<\/div>\n\t\t\t\t<\/div>\n\t\t\t\t\t<\/div>\n\t\t<\/div>\n\t\t\t\t\t<\/div>\n\t\t<\/section>\n\t\t\t\t<\/div>\n\t\t","protected":false},"excerpt":{"rendered":"<p>Werkstoffe und Lager Werkstoffe und Lager Der Stahl, aus dem unsere Federn hergestellt werden, ist ein dehnbares, flexibles und sehr widerstandsf\u00e4higes Material. Sowohl Federstahl als auch rostfreier Stahl werden f\u00fcr die Herstellung von Federn aller Arten und Gr\u00f6\u00dfen verwendet. Wir verarbeiten u.a. widerstandsf\u00e4hige Stahllegierungen, deren Besonderheit darin besteht, dass sie h\u00f6here Leistungen entwickeln: ihre Unverformbarkeit [&hellip;]<\/p>\n","protected":false},"author":1,"featured_media":0,"parent":0,"menu_order":0,"comment_status":"closed","ping_status":"closed","template":"","meta":{"footnotes":""},"class_list":["post-1002","page","type-page","status-publish","hentry"],"_links":{"self":[{"href":"https:\/\/mollefumagalli.it\/de\/wp-json\/wp\/v2\/pages\/1002","targetHints":{"allow":["GET"]}}],"collection":[{"href":"https:\/\/mollefumagalli.it\/de\/wp-json\/wp\/v2\/pages"}],"about":[{"href":"https:\/\/mollefumagalli.it\/de\/wp-json\/wp\/v2\/types\/page"}],"author":[{"embeddable":true,"href":"https:\/\/mollefumagalli.it\/de\/wp-json\/wp\/v2\/users\/1"}],"replies":[{"embeddable":true,"href":"https:\/\/mollefumagalli.it\/de\/wp-json\/wp\/v2\/comments?post=1002"}],"version-history":[{"count":10,"href":"https:\/\/mollefumagalli.it\/de\/wp-json\/wp\/v2\/pages\/1002\/revisions"}],"predecessor-version":[{"id":1673,"href":"https:\/\/mollefumagalli.it\/de\/wp-json\/wp\/v2\/pages\/1002\/revisions\/1673"}],"wp:attachment":[{"href":"https:\/\/mollefumagalli.it\/de\/wp-json\/wp\/v2\/media?parent=1002"}],"curies":[{"name":"wp","href":"https:\/\/api.w.org\/{rel}","templated":true}]}}